{"id":693,"date":"2025-09-16T13:25:43","date_gmt":"2025-09-16T11:25:43","guid":{"rendered":"https:\/\/tdh-net.sky1350.dk\/?page_id=693"},"modified":"2025-09-17T13:34:19","modified_gmt":"2025-09-17T11:34:19","slug":"about-us","status":"publish","type":"page","link":"https:\/\/tdh-net.dk\/en\/om-os\/","title":{"rendered":"About us"},"content":{"rendered":"<div class=\"wpb-content-wrapper\"><div data-parent=\"true\" class=\"vc_row row-container\" id=\"row-unique-0\"><div class=\"row-background background-element\">\n\t\t\t\t\t\t\t\t\t\t\t<div class=\"background-wrapper\">\n\t\t\t\t\t\t\t\t\t\t\t\t<div class=\"background-inner\" style=\"background-image: url(https:\/\/tdh-net.dk\/wp-content\/uploads\/2025\/05\/hero1.jpg);background-repeat: no-repeat;background-position: right top;background-attachment: scroll;background-size: cover;\"><\/div>\n\t\t\t\t\t\t\t\t\t\t\t\t<div class=\"block-bg-overlay style-color-723889-bg\" style=\"opacity: 1;\"><\/div>\n\t\t\t\t\t\t\t\t\t\t\t<\/div>\n\t\t\t\t\t\t\t\t\t\t<\/div><div class=\"row one-top-padding single-bottom-padding single-h-padding limit-width row-parent\" data-minheight=\"550\"><div class=\"wpb_row row-inner\"><div class=\"wpb_column pos-middle pos-center align_left column_parent col-lg-8 half-internal-gutter\"><div class=\"uncol style-spec style-dark animate_when_almost_visible bottom-t-top\"  ><div class=\"uncoltable\"><div class=\"uncell no-block-padding\" ><div class=\"uncont\" ><div class=\"vc_custom_heading_wrap\"><div class=\"heading-text el-text\" ><h1 class=\"h1\" ><span>About TDH-Net<\/span><\/h1><\/div><div class=\"clear\"><\/div><\/div><div class=\"uncode_text_column text-lead\" ><p>With 20 years of experience in the industry, we are always at the forefront of the latest technology. However, we are very keen to hear your opinion when creating new solutions.<\/p>\n<\/div><span class=\"btn-container\" ><a role=\"button\"  href=\"\/en\/contact\/\" class=\"custom-link btn border-width-0 btn-color-169752 btn-flat btn-no-scale btn-icon-left\" title=\"Contact us\">Contact us today<\/a><\/span><\/div><\/div><\/div><\/div><\/div><div class=\"wpb_column pos-top pos-center align_left column_parent col-lg-4 single-internal-gutter\"><div class=\"uncol style-light\"  ><div class=\"uncoltable\"><div class=\"uncell no-block-padding\" ><div class=\"uncont\" ><\/div><\/div><\/div><\/div><\/div><script id=\"script-row-unique-0\" data-row=\"script-row-unique-0\" type=\"text\/javascript\" class=\"vc_controls\">UNCODE.initRow(document.getElementById(\"row-unique-0\"));<\/script><\/div><\/div><\/div><div data-parent=\"true\" class=\"vc_row row-container\" id=\"row-unique-1\"><div class=\"row col-triple-gutter double-top-padding single-bottom-padding single-h-padding limit-width row-parent\"><div class=\"wpb_row row-inner\"><div class=\"wpb_column pos-middle pos-center align_left column_parent col-lg-6 half-internal-gutter\"><div class=\"uncol style-light animate_when_almost_visible bottom-t-top\"  ><div class=\"uncoltable\"><div class=\"uncell no-block-padding\" ><div class=\"uncont\" ><div class=\"vc_custom_heading_wrap\"><div class=\"heading-text el-text\" ><h6 class=\"h6 text-accent-color\" ><span>About us<\/span><\/h6><\/div><div class=\"clear\"><\/div><\/div><div class=\"vc_custom_heading_wrap\"><div class=\"heading-text el-text\" ><h2 class=\"h2\" ><span>Let us streamline your company&#039;s IT and telephone systems - and make your everyday life easier.<\/span><\/h2><\/div><div class=\"clear\"><\/div><\/div><div class=\"uncode_text_column\" ><p>At TDH Net you get the data and telecommunications solutions that optimize your daily communication with both colleagues and customers and give you complete security. You will find the latest designs, setups and services within 4 overall communication areas:<\/p>\n<\/div><div class=\"uncode-wrapper uncode-list\" >\n<ul class=\"icons\">\n<li><i class=\"fa fa-check2 text-accent-color\"><\/i><a href=\"\/en\/telephony\/\" target=\"_self\">Telephony\/call center<\/a><\/li>\n<li><i class=\"fa fa-check2 text-accent-color\"><\/i><a href=\"\/en\/internet\/\" target=\"_self\">Internet connection<\/a><\/li>\n<li><i class=\"fa fa-check2 text-accent-color\"><\/i><a href=\"\/en\/data-solutions\/\" target=\"_self\">Data solutions\/infrastructure<\/a><\/li>\n<li><i class=\"fa fa-check2 text-accent-color\"><\/i><a href=\"\/en\/service\/\" target=\"_self\">Service<\/a><\/li>\n<\/ul>\n<\/div><\/div><\/div><\/div><\/div><\/div><div class=\"wpb_column pos-top pos-center align_left column_parent col-lg-6 single-internal-gutter\"><div class=\"uncol style-light animate_when_almost_visible bottom-t-top\"  ><div class=\"uncoltable\"><div class=\"uncell no-block-padding\" ><div class=\"uncont\" ><div class=\"uncode-single-media rotate-image text-left\"><div class=\"single-wrapper\" style=\"max-width: 100%;\"><div class=\"tmb tmb-light  img-round img-round-std tmb-img-ratio tmb-media-first tmb-media-last tmb-content-overlay tmb-no-bg\"><div class=\"t-inside\"><div class=\"t-entry-visual\"><div class=\"t-entry-visual-tc\"><div class=\"uncode-single-media-wrapper img-round img-round-std\"><div class=\"dummy\" style=\"padding-top: 75%;\"><\/div><img decoding=\"async\" class=\"wp-image-149\" src=\"https:\/\/tdh-net.dk\/wp-content\/uploads\/2025\/05\/ip-telefoni-section-uai-1706x1280.jpg\" width=\"1706\" height=\"1280\" alt=\"\" srcset=\"https:\/\/tdh-net.dk\/wp-content\/uploads\/2025\/05\/ip-telefoni-section-uai-1706x1280.jpg 1706w, https:\/\/tdh-net.dk\/wp-content\/uploads\/2025\/05\/ip-telefoni-section-uai-720x540.jpg 720w, https:\/\/tdh-net.dk\/wp-content\/uploads\/2025\/05\/ip-telefoni-section-uai-1032x774.jpg 1032w\" sizes=\"(max-width: 1706px) 100vw, 1706px\" \/><\/div>\n\t\t\t\t\t<\/div>\n\t\t\t\t<\/div><\/div><\/div><\/div><\/div><\/div><\/div><\/div><\/div><\/div><script id=\"script-row-unique-1\" data-row=\"script-row-unique-1\" type=\"text\/javascript\" class=\"vc_controls\">UNCODE.initRow(document.getElementById(\"row-unique-1\"));<\/script><\/div><\/div><\/div><div data-parent=\"true\" class=\"vc_row inverted-device-order row-container\" id=\"row-unique-2\"><div class=\"row col-triple-gutter single-top-padding double-bottom-padding single-h-padding limit-width row-parent\"><div class=\"wpb_row row-inner\"><div class=\"wpb_column pos-top pos-center align_left column_parent col-lg-6 single-internal-gutter\"><div class=\"uncol style-light animate_when_almost_visible bottom-t-top\"  ><div class=\"uncoltable\"><div class=\"uncell no-block-padding\" ><div class=\"uncont\" ><div class=\"uncode-single-media rotate-image text-left\"><div class=\"single-wrapper\" style=\"max-width: 100%;\"><div class=\"tmb tmb-light  img-round img-round-std tmb-img-ratio tmb-media-first tmb-media-last tmb-content-overlay tmb-no-bg\"><div class=\"t-inside\"><div class=\"t-entry-visual\"><div class=\"t-entry-visual-tc\"><div class=\"uncode-single-media-wrapper img-round img-round-std\"><div class=\"dummy\" style=\"padding-top: 75.1%;\"><\/div><img decoding=\"async\" class=\"wp-image-521\" src=\"https:\/\/tdh-net.dk\/wp-content\/uploads\/2025\/09\/smilende-kvinde-uai-562x422.jpeg\" width=\"562\" height=\"422\" alt=\"\"><\/div>\n\t\t\t\t\t<\/div>\n\t\t\t\t<\/div><\/div><\/div><\/div><\/div><\/div><\/div><\/div><\/div><\/div><div class=\"wpb_column pos-middle pos-center align_left column_parent col-lg-6 half-internal-gutter\"><div class=\"uncol style-light animate_when_almost_visible bottom-t-top\"  ><div class=\"uncoltable\"><div class=\"uncell no-block-padding\" ><div class=\"uncont\" ><div class=\"vc_custom_heading_wrap\"><div class=\"heading-text el-text\" ><h6 class=\"h6 text-accent-color\" ><span>About us<\/span><\/h6><\/div><div class=\"clear\"><\/div><\/div><div class=\"vc_custom_heading_wrap\"><div class=\"heading-text el-text\" ><h2 class=\"h2\" ><span>Quality solutions for telephony, IT and internet<\/span><\/h2><\/div><div class=\"clear\"><\/div><\/div><div class=\"uncode_text_column\" ><p>Whether you want to build on your current equipment or are looking for a completely new solution for your company&#039;s internal and external communication, we will find what matches your needs.<\/p>\n<p>With a service agreement, you are assured that the system is always up to date and functioning optimally. Your needs are our priority \u2013 we deliver solutions that make everyday life easier.<\/p>\n<\/div><\/div><\/div><\/div><\/div><\/div><script id=\"script-row-unique-2\" data-row=\"script-row-unique-2\" type=\"text\/javascript\" class=\"vc_controls\">UNCODE.initRow(document.getElementById(\"row-unique-2\"));<\/script><\/div><\/div><\/div><div data-parent=\"true\" class=\"vc_row has-bg need-focus style-color-148408-bg row-container\" id=\"row-unique-3\"><div class=\"row double-top-padding double-bottom-padding single-h-padding limit-width row-parent\"><div class=\"wpb_row row-inner\"><div class=\"wpb_column pos-top pos-center align_center column_parent col-lg-12 half-internal-gutter\"><div class=\"uncol style-light animate_when_almost_visible bottom-t-top\"  ><div class=\"uncoltable\"><div class=\"uncell\" ><div class=\"uncont no-block-padding col-custom-width\" style=\" max-width:996px;\" ><div class=\"vc_custom_heading_wrap\"><div class=\"heading-text el-text\" ><h2 class=\"h2\" ><span>Collect it all in one place and save yourself the hassle<\/span><\/h2><\/div><div class=\"clear\"><\/div><\/div><div class=\"uncode_text_column\" ><p>When you choose TDH Net, you gather all of your company&#039;s solutions within internet, IT, telephony and hosting in one place. This means that you don&#039;t have to keep track of several different providers, and instead you just call us with your questions.<\/p>\n<p>Our team is ready to help you around the clock.<\/p>\n<\/div><span class=\"btn-container\" ><a role=\"button\"  href=\"\/en\/contact\/\" class=\"custom-link btn border-width-0 btn-color-169752 btn-flat btn-no-scale btn-icon-left\" title=\"Contact us\">Contact us today<\/a><\/span><\/div><\/div><\/div><\/div><\/div><script id=\"script-row-unique-3\" data-row=\"script-row-unique-3\" type=\"text\/javascript\" class=\"vc_controls\">UNCODE.initRow(document.getElementById(\"row-unique-3\"));<\/script><\/div><\/div><\/div>\n<\/div>","protected":false},"excerpt":{"rendered":"Om TDH-NetMed vores 20 \u00e5rs erfaring inden for branchen er vi altid p\u00e5 forkant med den nyeste teknologi. Alligevel g\u00e5r [...]","protected":false},"author":1,"featured_media":0,"parent":0,"menu_order":0,"comment_status":"closed","ping_status":"closed","template":"","meta":{"footnotes":""},"class_list":["post-693","page","type-page","status-publish","hentry"],"yoast_head":"<!-- This site is optimized with the Yoast SEO plugin v27.4 - https:\/\/yoast.com\/product\/yoast-seo-wordpress\/ -->\n<title>Om os - TDH-Net<\/title>\n<meta name=\"robots\" content=\"index, follow, max-snippet:-1, max-image-preview:large, max-video-preview:-1\" \/>\n<link rel=\"canonical\" href=\"https:\/\/tdh-net.dk\/en\/about-us\/\" \/>\n<meta property=\"og:locale\" content=\"en_GB\" \/>\n<meta property=\"og:type\" content=\"article\" \/>\n<meta property=\"og:title\" content=\"Om os - TDH-Net\" \/>\n<meta property=\"og:url\" content=\"https:\/\/tdh-net.dk\/en\/about-us\/\" \/>\n<meta property=\"og:site_name\" content=\"TDH-Net\" \/>\n<meta property=\"article:modified_time\" content=\"2025-09-17T11:34:19+00:00\" \/>\n<meta name=\"twitter:card\" content=\"summary_large_image\" \/>\n<meta name=\"twitter:label1\" content=\"Estimated reading time\" \/>\n\t<meta name=\"twitter:data1\" content=\"3 minutes\" \/>\n<script type=\"application\/ld+json\" class=\"yoast-schema-graph\">{\"@context\":\"https:\\\/\\\/schema.org\",\"@graph\":[{\"@type\":\"WebPage\",\"@id\":\"https:\\\/\\\/tdh-net.dk\\\/om-os\\\/\",\"url\":\"https:\\\/\\\/tdh-net.dk\\\/om-os\\\/\",\"name\":\"Om os - TDH-Net\",\"isPartOf\":{\"@id\":\"https:\\\/\\\/tdh-net.dk\\\/#website\"},\"datePublished\":\"2025-09-16T11:25:43+00:00\",\"dateModified\":\"2025-09-17T11:34:19+00:00\",\"breadcrumb\":{\"@id\":\"https:\\\/\\\/tdh-net.dk\\\/om-os\\\/#breadcrumb\"},\"inLanguage\":\"en-GB\",\"potentialAction\":[{\"@type\":\"ReadAction\",\"target\":[\"https:\\\/\\\/tdh-net.dk\\\/om-os\\\/\"]}]},{\"@type\":\"BreadcrumbList\",\"@id\":\"https:\\\/\\\/tdh-net.dk\\\/om-os\\\/#breadcrumb\",\"itemListElement\":[{\"@type\":\"ListItem\",\"position\":1,\"name\":\"Hjem\",\"item\":\"https:\\\/\\\/tdh-net.dk\\\/\"},{\"@type\":\"ListItem\",\"position\":2,\"name\":\"Om os\"}]},{\"@type\":\"WebSite\",\"@id\":\"https:\\\/\\\/tdh-net.dk\\\/#website\",\"url\":\"https:\\\/\\\/tdh-net.dk\\\/\",\"name\":\"TDH-Net\",\"description\":\"TDH-Net\",\"potentialAction\":[{\"@type\":\"SearchAction\",\"target\":{\"@type\":\"EntryPoint\",\"urlTemplate\":\"https:\\\/\\\/tdh-net.dk\\\/?s={search_term_string}\"},\"query-input\":{\"@type\":\"PropertyValueSpecification\",\"valueRequired\":true,\"valueName\":\"search_term_string\"}}],\"inLanguage\":\"en-GB\"}]}<\/script>\n<!-- \/ Yoast SEO plugin. -->","yoast_head_json":{"title":"About us - TDH-Net","robots":{"index":"index","follow":"follow","max-snippet":"max-snippet:-1","max-image-preview":"max-image-preview:large","max-video-preview":"max-video-preview:-1"},"canonical":"https:\/\/tdh-net.dk\/en\/about-us\/","og_locale":"en_GB","og_type":"article","og_title":"Om os - TDH-Net","og_url":"https:\/\/tdh-net.dk\/en\/about-us\/","og_site_name":"TDH-Net","article_modified_time":"2025-09-17T11:34:19+00:00","twitter_card":"summary_large_image","twitter_misc":{"Estimated reading time":"3 minutes"},"schema":{"@context":"https:\/\/schema.org","@graph":[{"@type":"WebPage","@id":"https:\/\/tdh-net.dk\/om-os\/","url":"https:\/\/tdh-net.dk\/om-os\/","name":"About us - TDH-Net","isPartOf":{"@id":"https:\/\/tdh-net.dk\/#website"},"datePublished":"2025-09-16T11:25:43+00:00","dateModified":"2025-09-17T11:34:19+00:00","breadcrumb":{"@id":"https:\/\/tdh-net.dk\/om-os\/#breadcrumb"},"inLanguage":"en-GB","potentialAction":[{"@type":"ReadAction","target":["https:\/\/tdh-net.dk\/om-os\/"]}]},{"@type":"BreadcrumbList","@id":"https:\/\/tdh-net.dk\/om-os\/#breadcrumb","itemListElement":[{"@type":"ListItem","position":1,"name":"Hjem","item":"https:\/\/tdh-net.dk\/"},{"@type":"ListItem","position":2,"name":"Om os"}]},{"@type":"WebSite","@id":"https:\/\/tdh-net.dk\/#website","url":"https:\/\/tdh-net.dk\/","name":"TDH-Net","description":"TDH-Net","potentialAction":[{"@type":"SearchAction","target":{"@type":"EntryPoint","urlTemplate":"https:\/\/tdh-net.dk\/?s={search_term_string}"},"query-input":{"@type":"PropertyValueSpecification","valueRequired":true,"valueName":"search_term_string"}}],"inLanguage":"en-GB"}]}},"_links":{"self":[{"href":"https:\/\/tdh-net.dk\/en\/wp-json\/wp\/v2\/pages\/693","targetHints":{"allow":["GET"]}}],"collection":[{"href":"https:\/\/tdh-net.dk\/en\/wp-json\/wp\/v2\/pages"}],"about":[{"href":"https:\/\/tdh-net.dk\/en\/wp-json\/wp\/v2\/types\/page"}],"author":[{"embeddable":true,"href":"https:\/\/tdh-net.dk\/en\/wp-json\/wp\/v2\/users\/1"}],"replies":[{"embeddable":true,"href":"https:\/\/tdh-net.dk\/en\/wp-json\/wp\/v2\/comments?post=693"}],"version-history":[{"count":23,"href":"https:\/\/tdh-net.dk\/en\/wp-json\/wp\/v2\/pages\/693\/revisions"}],"predecessor-version":[{"id":879,"href":"https:\/\/tdh-net.dk\/en\/wp-json\/wp\/v2\/pages\/693\/revisions\/879"}],"wp:attachment":[{"href":"https:\/\/tdh-net.dk\/en\/wp-json\/wp\/v2\/media?parent=693"}],"curies":[{"name":"wp","href":"https:\/\/api.w.org\/{rel}","templated":true}]}}